

{"id":16264,"date":"2022-08-22T15:12:05","date_gmt":"2022-08-22T13:12:05","guid":{"rendered":"https:\/\/aquaelite.it\/privacy-policy\/"},"modified":"2022-08-22T15:12:05","modified_gmt":"2022-08-22T13:12:05","slug":"privacy-policy","status":"publish","type":"page","link":"https:\/\/aquaelite.it\/en\/privacy-policy\/","title":{"rendered":"Privacy Policy"},"content":{"rendered":"\t\t<div data-elementor-type=\"wp-page\" data-elementor-id=\"16264\" class=\"elementor elementor-16264 elementor-3\" data-elementor-post-type=\"page\">\n\t\t\t\t\t\t<section class=\"elementor-section elementor-top-section elementor-element elementor-element-4ad028ab elementor-section-boxed elementor-section-height-default elementor-section-height-default qodef-elementor-content-no qodef-elementor-back-btn-skin-default qodef-section-title-text-holder-no qodef-section-line-animation-holder-no\" data-id=\"4ad028ab\" data-element_type=\"section\" data-e-type=\"section\">\n\t\t\t\t\t\t<div class=\"elementor-container elementor-column-gap-default\">\n\t\t\t\t\t<div class=\"elementor-column elementor-col-100 elementor-top-column elementor-element elementor-element-47bd360b\" data-id=\"47bd360b\" data-element_type=\"column\" data-e-type=\"column\">\n\t\t\t<div class=\"elementor-widget-wrap elementor-element-populated\">\n\t\t\t\t\t\t<div class=\"elementor-element elementor-element-6ad49042 elementor-widget elementor-widget-text-editor\" data-id=\"6ad49042\" data-element_type=\"widget\" data-e-type=\"widget\" data-widget_type=\"text-editor.default\">\n\t\t\t\t<div class=\"elementor-widget-container\">\n\t\t\t\t\t\t\t\t\t<p><\/p>\n<h2>Privacy Policy<\/h2>\n<p><\/p>\n<p>Il nostro indirizzo web: https:\/\/aquaelite.it.<\/p>\n<p><\/p>\t\t\t\t\t\t\t\t<\/div>\n\t\t\t\t<\/div>\n\t\t\t\t\t<\/div>\n\t\t<\/div>\n\t\t\t\t\t<\/div>\n\t\t<\/section>\n\t\t\t\t<section class=\"elementor-section elementor-top-section elementor-element elementor-element-4dd3831 elementor-section-boxed elementor-section-height-default elementor-section-height-default qodef-elementor-content-no qodef-elementor-back-btn-skin-default qodef-section-title-text-holder-no qodef-section-line-animation-holder-no\" data-id=\"4dd3831\" data-element_type=\"section\" data-e-type=\"section\">\n\t\t\t\t\t\t<div class=\"elementor-container elementor-column-gap-default\">\n\t\t\t\t\t<div class=\"elementor-column elementor-col-100 elementor-top-column elementor-element elementor-element-f6562f0\" data-id=\"f6562f0\" data-element_type=\"column\" data-e-type=\"column\">\n\t\t\t<div class=\"elementor-widget-wrap elementor-element-populated\">\n\t\t\t\t\t\t<div class=\"elementor-element elementor-element-2502153 elementor-widget elementor-widget-text-editor\" data-id=\"2502153\" data-element_type=\"widget\" data-e-type=\"widget\" data-widget_type=\"text-editor.default\">\n\t\t\t\t<div class=\"elementor-widget-container\">\n\t\t\t\t\t\t\t\t\t\n<h3>Informativa\u00a0sul trattamento dei dati personali (art.13 e 14, Regolamento UE 679\/2016 GDPR)<\/h3>\n<p>Il Regolamento Europeo n. 679\/2016 GDPR, applicabile in tutti gli Stati Membri, riconosce ad ogni soggetto la tutela dei propri dati personali che siano oggetto di trattamento da parte di terzi, come espressione del rispetto della dignit\u00e0 umana e dei diritti e libert\u00e0 fondamentali della persona.<\/p>\n<p>Sulla base delle previsioni del suddetto Regolamento desideriamo informarLa che il trattamento dei Suoi dati verr\u00e0 da noi effettuato nel pieno rispetto dei principi di liceit\u00e0, correttezza, pertinenza, proporzionalit\u00e0 e trasparenza e di tutela della riservatezza dei Suoi dati e diritti in conformit\u00e0 a quanto previsto da dette disposizioni di legge.<\/p>\n<p>Le precisiamo altres\u00ec che per l\u2019instaurazione e\/o l\u2019esecuzione dei rapporti contrattuali in essere e per l\u2019adempimento a specifici obblighi di legge, abbiamo necessit\u00e0 di acquisire i Suoi dati personali, o avremo necessit\u00e0 di acquisirli successivamente, senza necessit\u00e0 di Suo ulteriore consenso, implicito nella stipula del contratto\/accordo tra le parti e\/o attribuzione incarico in oggetto.<\/p>\n<p>Pertanto, in base alle disposizioni delle norme europee ed interne in vigore, Le forniamo le seguenti informazioni.<\/p>\n<h3>1. Dati personali oggetto del trattamento<\/h3>\n<p>Ai fini dell\u2019esplicazione dell\u2019attivit\u00e0 di cui all\u2019incarico\/contratto tra le parti, e per soddisfare la sua richiesta di servizi, dobbiamo utilizzare alcuni Suoi dati personali. Si tratta di dati identificativi, recapiti (indirizzo, utenza telefonica fissa, cellulare, fax, e-mail), riferimenti bancari e di pagamento, in seguito \u201cdati personali\u201d o \u201cdati.<\/p>\n<h3>2. Finalit\u00e0, base giuridica e natura obbligatoria o facoltativa del trattamento<\/h3>\n<p>Le finalit\u00e0 del trattamento cui sono destinati i Suoi dati sono collegate all\u2019assolvimento dei rapporti contrattuali e precontrattuali in essere tra le parti, per l\u2019adempimento di norme e obblighi di legge cui il Titolare del trattamento \u00e8 soggetto e per il perseguimento di legittimi interessi del titolare del trattamento o di terzi, laddove previamente autorizzato. Si precisa che il conferimento di detti dati ha natura obbligatoria nel senso che, diversamente, non saremmo in grado di adempiere, totalmente o parzialmente, al mandato sopra citato, e che i Suoi dati potranno essere raccolti anche presso altri soggetti. L\u2019eventuale trattamento dei Suoi dati per finalit\u00e0 ulteriori e diverse rispetto a quelle indicate sar\u00e0 oggetto di specifica ed autonoma informativa e apposito consenso, non vincolante per lo svolgimento del contratto in oggetto. In particolare per finalit\u00e0 di marketing, quali l\u2019invio di e-mail, posta e\/o sms e\/o contatti telefonici, newsletter, comunicazioni commerciali e\/o materiale pubblicitario su prodotti o servizi offerti dal Titolare e rilevazione del grado di soddisfazione sulla qualit\u00e0 dei servizi da parte del Titolare del trattamento.<\/p>\n<h3>3. Titolare del trattamento<\/h3>\n<p>Il titolare del trattamento dei dati \u00e8: ANPA SRL, con sede in Viale dello Sport 16\/18, 21026 Gavirate (VA), codice fiscale e partita IVA 01654180122. Eventuali Responsabili del trattamento verranno nominati, all\u2019atto del conferimento da parte del Titolare di incarichi esterni per lo svolgimento dei quali \u00e8 necessario condividere i Suoi dati, tra coloro che presentino garanzie sufficienti per mettere in atto misure tecniche e organizzative adeguate in modo tale che il trattamento soddisfi i requisiti del Regolamento e garantisca la tutela dei diritti dell\u2019interessato e previa sottoscrizione da parte del Responsabile di apposito contratto\/addendum all\u2019incarico professionale contenente i requisiti e le specifiche del trattamento stesso.<\/p>\n<h3>4. Destinatari dei dati personali<\/h3>\n<p>I Suoi dati saranno resi conoscibili al nostro personale amministrativo interno, appositamente incaricato, e ai nostri collaboratori esterni, a tal fine nominati Responsabili del Trattamento specifico in oggetto, il cui elenco \u00e8 disponibile presso la nostra sede. Detti dati saranno altres\u00ec comunicati, a nostri fornitori di servizi quali, societ\u00e0 di servizi informatici, societ\u00e0 di outsourcing, consulenti e liberi professionisti, enti, aziende o enti da noi nominati Responsabili dello specifico trattamento ed il cui elenco \u00e8 a sua disposizione presso la nostra sede.<\/p>\n<h3>5. Trasferimenti dei dati<\/h3>\n<p>I dati personali sono conservati su server ubicati all\u2019interno dell\u2019Unione Europea. Resta in ogni caso inteso che il Titolare, ove si rendesse necessario, avr\u00e0 facolt\u00e0 di spostare i server anche extra-UE. In tal caso, il Titolare assicura sin d\u2019ora che il trasferimento dei dati extra-UE avverr\u00e0 in conformit\u00e0 alle disposizioni di legge applicabili, previa stipula delle clausole contrattuali standard previste dalla Commissione Europea.<\/p>\n<h3>6. Modalit\u00e0 del trattamento e di conservazione dei dati<\/h3>\n<p>Il trattamento e la conservazione dei dati verranno effettuati con l\u2019ausilio di mezzi e strumenti informatici automatizzati e\/o cartacei, tali da permetterle l\u2019accesso ai Suoi dati personali in nostro possesso, secondo le modalit\u00e0 pi\u00f9 idonee a garantirne l\u2019integrit\u00e0, l\u2019aggiornamento, la sicurezza e la riservatezza, proteggendoli altres\u00ec da trattamenti non autorizzati e\/o illeciti nonch\u00e8 dalla perdita, distruzione o dal danneggiamento accidentale. Fatte salve le comunicazioni che vengano effettuate in ottemperanza ad obblighi di legge, i dati potranno essere comunicati a soggetti esterni che svolgono specifici incarichi per conto dello scrivente previo loro espresso impegno alla tutela dei Suoi dati personali in conformit\u00e0 alle disposizioni della presente Informativa ed alle norme sul Responsabile del trattamento di cui agli artt. 28 e seguenti del Regolamento UE 679\/2016 GDPR, nonch\u00e9 alle norme di legge applicabili.<\/p>\n<h3>7. Durata del trattamento<\/h3>\n<p>Il trattamento dei dati avr\u00e0 luogo per tutta la durata dei rapporti instaurati tra le parti e, successivamente alla conclusione del rapporto\/contratto in essere, per ottemperare agli adempimenti di legge di natura civilistica e fiscale applicabili al rapporto in essere, nonch\u00e9 ad ogni altro adempimento\/obbligo di legge cui \u00e8 tenuto il Titolare. Avremo inoltre il piacere di inviarLe e-mail, posta e\/o sms e\/o contatti telefonici, newsletter, comunicazioni commerciali e\/o materiale pubblicitario su prodotti o servizi offerti dal Titolare e rilevare il grado di soddisfazione sulla qualit\u00e0 dei servizi da parte del Titolare del trattamento per un periodo non superiore a tre anni, scaduto il quale i Suoi contatti per i citati fini saranno cancellati. Resta inteso che in qualsiasi momento potr\u00e0 comunicarci la Sua volont\u00e0 a non ricevere pi\u00f9 alcuna comunicazione ai seguenti fini.<\/p>\n<h3>8. Diritti dell\u2019interessato<\/h3>\n<p>In ogni momento Lei potr\u00e0 esercitare, con richiesta scritta, nei confronti del Titolare del trattamento sopra individuato, tutti i diritti riconosciuti dalla normativa europea ed interna applicabili ed in particolare dagli articoli 13, 14, 15 a 22 e 34 del Regolamento Europeo e dalla normativa nazionale in vigore, ed in particolare:<br \/>a) il diritto di ottenere la conferma dell\u2019esistenza o meno di dati che La riguardano, anche se non ancora registrati, e la loro comunicazione in forma intellegibile. b) il diritto di ottenere gratuitamente l\u2019accesso e\/o la copia dei Suoi dati personali oggetto di trattamento con l\u2019indicazione di tutti gli aspetti rilevanti al trattamento previsti dal Reg. Eu.<br \/>c) il diritto di ottenere gratuitamente l\u2019aggiornamento, la rettificazione di dati inesatti, la limitazione del trattamento oppure, quando ne ha interesse, l\u2019integrazione dei dati<br \/>d) il diritto di opporsi, in tutto o in parte al trattamento dei dati personali che La riguardano ancorch\u00e9 pertinenti alle finalit\u00e0 della raccolta per motivi legittimi o di revocare, in tutto o in parte, il proprio consenso, ove esso sia necessario.<br \/>e) il diritto di proporre reclamo ad una autorit\u00e0 di controllo (Garante per la protezione dei dati personali) o autorit\u00e0 giudiziaria;<br \/>L\u2019elenco integrale dei diritti dell\u2019interessato \u00e8 disponibile in forma cartacea presso la Sede del Titolare del trattamento o via mail previa richiesta scritta dello stesso info@aquaelite.it<\/p>\n<h3>Il Titolare<\/h3>\n<p>ANPA Srl<br \/>Verbania, 5\/05\/18<\/p>\n\t\t\t\t\t\t\t\t<\/div>\n\t\t\t\t<\/div>\n\t\t\t\t\t<\/div>\n\t\t<\/div>\n\t\t\t\t\t<\/div>\n\t\t<\/section>\n\t\t\t\t<\/div>\n\t\t","protected":false},"excerpt":{"rendered":"<p>Privacy Policy Il nostro indirizzo web: https:\/\/aquaelite.it. Informativa&nbsp;sul trattamento dei dati personali (art.13 e 14, Regolamento UE 679\/2016 GDPR) Il Regolamento Europeo n. 679\/2016 GDPR, applicabile in tutti gli Stati Membri, riconosce ad ogni soggetto la tutela dei propri dati personali che siano oggetto di trattamento da parte di terzi, come espressione del rispetto della [&hellip;]<\/p>\n","protected":false},"author":1,"featured_media":0,"parent":0,"menu_order":0,"comment_status":"closed","ping_status":"closed","template":"","meta":{"content-type":"","footnotes":""},"class_list":["post-16264","page","type-page","status-publish","hentry"],"_links":{"self":[{"href":"https:\/\/aquaelite.it\/en\/wp-json\/wp\/v2\/pages\/16264","targetHints":{"allow":["GET"]}}],"collection":[{"href":"https:\/\/aquaelite.it\/en\/wp-json\/wp\/v2\/pages"}],"about":[{"href":"https:\/\/aquaelite.it\/en\/wp-json\/wp\/v2\/types\/page"}],"author":[{"embeddable":true,"href":"https:\/\/aquaelite.it\/en\/wp-json\/wp\/v2\/users\/1"}],"replies":[{"embeddable":true,"href":"https:\/\/aquaelite.it\/en\/wp-json\/wp\/v2\/comments?post=16264"}],"version-history":[{"count":0,"href":"https:\/\/aquaelite.it\/en\/wp-json\/wp\/v2\/pages\/16264\/revisions"}],"wp:attachment":[{"href":"https:\/\/aquaelite.it\/en\/wp-json\/wp\/v2\/media?parent=16264"}],"curies":[{"name":"wp","href":"https:\/\/api.w.org\/{rel}","templated":true}]}}